{"id":134,"date":"2020-06-19T06:53:16","date_gmt":"2020-06-19T06:53:16","guid":{"rendered":"https:\/\/wir-fuer-grimlinghausen.de\/?page_id=134"},"modified":"2020-06-19T07:41:59","modified_gmt":"2020-06-19T07:41:59","slug":"faq","status":"publish","type":"page","link":"https:\/\/wir-fuer-grimlinghausen.de\/index.php\/faq\/","title":{"rendered":"Noch Fragen?"},"content":{"rendered":"\t\t<div data-elementor-type=\"wp-page\" data-elementor-id=\"134\" class=\"elementor elementor-134\">\n\t\t\t\t\t\t<section class=\"elementor-section elementor-top-section elementor-element elementor-element-9ccd593 elementor-section-boxed elementor-section-height-default elementor-section-height-default\" data-id=\"9ccd593\" data-element_type=\"section\" data-e-type=\"section\">\n\t\t\t\t\t\t<div class=\"elementor-container elementor-column-gap-default\">\n\t\t\t\t\t<div class=\"elementor-column elementor-col-100 elementor-top-column elementor-element elementor-element-af148d9\" data-id=\"af148d9\" data-element_type=\"column\" data-e-type=\"column\">\n\t\t\t<div class=\"elementor-widget-wrap elementor-element-populated\">\n\t\t\t\t\t\t<div class=\"elementor-element elementor-element-00ae9e6 elementor-widget elementor-widget-text-editor\" data-id=\"00ae9e6\" data-element_type=\"widget\" data-e-type=\"widget\" data-widget_type=\"text-editor.default\">\n\t\t\t\t<div class=\"elementor-widget-container\">\n\t\t\t\t\t\t\t\t\t<p>Bei etwas Neuem, wie &#8222;WIR f\u00fcr GRIMLINGHAUSEN&#8220;, entstehen naturgem\u00e4\u00df viele Fragen. Wir haben versucht, einige von diesen hier aufzugreifen und f\u00fcr Sie zu beantworten:<\/p>\t\t\t\t\t\t\t\t<\/div>\n\t\t\t\t<\/div>\n\t\t\t\t\t<\/div>\n\t\t<\/div>\n\t\t\t\t\t<\/div>\n\t\t<\/section>\n\t\t\t\t<section class=\"elementor-section elementor-top-section elementor-element elementor-element-a9c6d0b elementor-section-boxed elementor-section-height-default elementor-section-height-default\" data-id=\"a9c6d0b\" data-element_type=\"section\" data-e-type=\"section\">\n\t\t\t\t\t\t<div class=\"elementor-container elementor-column-gap-default\">\n\t\t\t\t\t<div class=\"elementor-column elementor-col-100 elementor-top-column elementor-element elementor-element-108c5c9\" data-id=\"108c5c9\" data-element_type=\"column\" data-e-type=\"column\">\n\t\t\t<div class=\"elementor-widget-wrap elementor-element-populated\">\n\t\t\t\t\t\t<div class=\"elementor-element elementor-element-f702ae9 elementor-widget elementor-widget-text-editor\" data-id=\"f702ae9\" data-element_type=\"widget\" data-e-type=\"widget\" data-widget_type=\"text-editor.default\">\n\t\t\t\t<div class=\"elementor-widget-container\">\n\t\t\t\t\t\t\t\t\t<h4>Ist &#8222;WIR f\u00fcr GRIMLINGHAUSEN&#8220; eine neue Partei?<\/h4><p>Nein, &#8222;WIR f\u00fcr GRIMLINGHAUSEN&#8220; ist keine Partei, sondern eine \u00fcberparteiliche Initiative Grimlinghauser B\u00fcrger. Die Initiative strebt nicht die Besetzung politischer \u00c4mter an oder die dauerhafte Unterst\u00fctzung einer einzelnen existierenden Partei. Einige unserer Gr\u00fcndungsmitglieder waren oder sind jedoch parteipolitisch engagiert und bringen ihre Erfahrungen mit politischen Prozessen in die Initiative ein.<\/p>\t\t\t\t\t\t\t\t<\/div>\n\t\t\t\t<\/div>\n\t\t\t\t\t<\/div>\n\t\t<\/div>\n\t\t\t\t\t<\/div>\n\t\t<\/section>\n\t\t\t\t<section class=\"elementor-section elementor-top-section elementor-element elementor-element-66e72aa elementor-section-boxed elementor-section-height-default elementor-section-height-default\" data-id=\"66e72aa\" data-element_type=\"section\" data-e-type=\"section\">\n\t\t\t\t\t\t<div class=\"elementor-container elementor-column-gap-default\">\n\t\t\t\t\t<div class=\"elementor-column elementor-col-100 elementor-top-column elementor-element elementor-element-8cc3553\" data-id=\"8cc3553\" data-element_type=\"column\" data-e-type=\"column\">\n\t\t\t<div class=\"elementor-widget-wrap elementor-element-populated\">\n\t\t\t\t\t\t<div class=\"elementor-element elementor-element-1a19f1e elementor-widget elementor-widget-text-editor\" data-id=\"1a19f1e\" data-element_type=\"widget\" data-e-type=\"widget\" data-widget_type=\"text-editor.default\">\n\t\t\t\t<div class=\"elementor-widget-container\">\n\t\t\t\t\t\t\t\t\t<h4>Reichen die bestehenden Parteien nicht aus?<\/h4><p>Grunds\u00e4tzlich ja. Alles in allem geht es uns in Neuss gut. Dennoch nimmt die Politikverdrossenheit zu und aus unserer Sicht liegt dies u.a. auch daran, dass lokale Themen oft entweder gar nicht angegangen werden oder ohne lokale Beteiligung der B\u00fcrger entschieden werden. Der Wunsch nach Geh\u00f6r, nach Mitbestimmung und danach f\u00fcr Grimlinghausen mehr zu erreichen, waren Antrieb zur Gr\u00fcndung der Initiative.<\/p>\t\t\t\t\t\t\t\t<\/div>\n\t\t\t\t<\/div>\n\t\t\t\t\t<\/div>\n\t\t<\/div>\n\t\t\t\t\t<\/div>\n\t\t<\/section>\n\t\t\t\t<section class=\"elementor-section elementor-top-section elementor-element elementor-element-558bee0 elementor-section-boxed elementor-section-height-default elementor-section-height-default\" data-id=\"558bee0\" data-element_type=\"section\" data-e-type=\"section\">\n\t\t\t\t\t\t<div class=\"elementor-container elementor-column-gap-default\">\n\t\t\t\t\t<div class=\"elementor-column elementor-col-100 elementor-top-column elementor-element elementor-element-9122c91\" data-id=\"9122c91\" data-element_type=\"column\" data-e-type=\"column\">\n\t\t\t<div class=\"elementor-widget-wrap elementor-element-populated\">\n\t\t\t\t\t\t<div class=\"elementor-element elementor-element-ae5d9ad elementor-widget elementor-widget-text-editor\" data-id=\"ae5d9ad\" data-element_type=\"widget\" data-e-type=\"widget\" data-widget_type=\"text-editor.default\">\n\t\t\t\t<div class=\"elementor-widget-container\">\n\t\t\t\t\t\t\t\t\t<h4>Wie sollen die Ziele erreicht werden, wenn keine \u00c4mter angestrebt werden?<\/h4><p>Um f\u00fcr Grimlinghausen etwas zu erreichen, ist es zun\u00e4chst wichtig, dass lokale Anliegen, Bed\u00fcrfnisse, aber auch Probleme eine Stimme bekommen. \u00d6ffentlichkeitsarbeit ist daher die erste Aufgabe der Initiative und gemeinsam ist man wahrnehmbarer als alleine. Daf\u00fcr ist es auch notwendig, m\u00f6glichst viele Grimlinghauser mit in die Themenfindung und die methodische Arbeit einzubeziehen. Weiterhin soll eine konstruktive Zusammenarbeit mit den bestehenden Parteien erfolgen, um konkret am Thema L\u00f6sungen zu suchen und das beste f\u00fcr Grimlinghausen herauszuholen.<\/p>\t\t\t\t\t\t\t\t<\/div>\n\t\t\t\t<\/div>\n\t\t\t\t\t<\/div>\n\t\t<\/div>\n\t\t\t\t\t<\/div>\n\t\t<\/section>\n\t\t\t\t<section class=\"elementor-section elementor-top-section elementor-element elementor-element-8f3f5ed elementor-section-boxed elementor-section-height-default elementor-section-height-default\" data-id=\"8f3f5ed\" data-element_type=\"section\" data-e-type=\"section\">\n\t\t\t\t\t\t<div class=\"elementor-container elementor-column-gap-default\">\n\t\t\t\t\t<div class=\"elementor-column elementor-col-100 elementor-top-column elementor-element elementor-element-7669a36\" data-id=\"7669a36\" data-element_type=\"column\" data-e-type=\"column\">\n\t\t\t<div class=\"elementor-widget-wrap elementor-element-populated\">\n\t\t\t\t\t\t<div class=\"elementor-element elementor-element-02a09df elementor-widget elementor-widget-text-editor\" data-id=\"02a09df\" data-element_type=\"widget\" data-e-type=\"widget\" data-widget_type=\"text-editor.default\">\n\t\t\t\t<div class=\"elementor-widget-container\">\n\t\t\t\t\t\t\t\t\t<h4>Wer kann mitmachen?<\/h4><p>Die Gr\u00fcndungsmitglieder der Initiative verbindet, dass sie in Grimlinghausen leben, arbeiten oder aufgewachsen sind, sich mit dem &#8222;D\u00f6rp&#8220; verbunden f\u00fchlen und f\u00fcr Grimlinghausen etwas positives erreichen wollen. Dementsprechend kann sich jeder einbringen, der sich f\u00fcr Grimlinghausen einsetzen m\u00f6chte.<\/p>\t\t\t\t\t\t\t\t<\/div>\n\t\t\t\t<\/div>\n\t\t\t\t\t<\/div>\n\t\t<\/div>\n\t\t\t\t\t<\/div>\n\t\t<\/section>\n\t\t\t\t<section class=\"elementor-section elementor-top-section elementor-element elementor-element-f190a73 elementor-section-boxed elementor-section-height-default elementor-section-height-default\" data-id=\"f190a73\" data-element_type=\"section\" data-e-type=\"section\">\n\t\t\t\t\t\t<div class=\"elementor-container elementor-column-gap-default\">\n\t\t\t\t\t<div class=\"elementor-column elementor-col-100 elementor-top-column elementor-element elementor-element-1794e04\" data-id=\"1794e04\" data-element_type=\"column\" data-e-type=\"column\">\n\t\t\t<div class=\"elementor-widget-wrap elementor-element-populated\">\n\t\t\t\t\t\t<div class=\"elementor-element elementor-element-029027c elementor-widget elementor-widget-text-editor\" data-id=\"029027c\" data-element_type=\"widget\" data-e-type=\"widget\" data-widget_type=\"text-editor.default\">\n\t\t\t\t<div class=\"elementor-widget-container\">\n\t\t\t\t\t\t\t\t\t<h4>Wie kann man mitmachen?<\/h4><p>Die Bandbreite der Unterst\u00fctzung ist gro\u00df und reicht von einem &#8222;Gef\u00e4llt mir&#8220; in den sozialen Medien, \u00fcber positive Mund-zu-Mund Propaganda im Bekanntenkreis, bis hin zu Mitarbeit an konkreten Themen und Projekten. Als junge, locker organisierte Initiative haben wir noch keine starren \u00c4mter und viele Aufgabenbereiche werden sich erst im Laufe der Zeit mit den Themen ergeben.<\/p>\t\t\t\t\t\t\t\t<\/div>\n\t\t\t\t<\/div>\n\t\t\t\t\t<\/div>\n\t\t<\/div>\n\t\t\t\t\t<\/div>\n\t\t<\/section>\n\t\t\t\t<\/div>\n\t\t","protected":false},"excerpt":{"rendered":"<p>Bei etwas Neuem, wie &#8222;WIR f\u00fcr GRIMLINGHAUSEN&#8220;, entstehen naturgem\u00e4\u00df viele Fragen. Wir haben versucht, einige von diesen hier aufzugreifen und f\u00fcr Sie zu beantworten: Ist &#8222;WIR f\u00fcr GRIMLINGHAUSEN&#8220; eine neue Partei? Nein, &#8222;WIR f\u00fcr GRIMLINGHAUSEN&#8220; ist keine Partei, sondern eine \u00fcberparteiliche Initiative Grimlinghauser B\u00fcrger. Die Initiative strebt nicht die Besetzung politischer \u00c4mter an oder die [&hellip;]<\/p>\n","protected":false},"author":1,"featured_media":0,"parent":0,"menu_order":0,"comment_status":"closed","ping_status":"closed","template":"","meta":{"footnotes":""},"class_list":["post-134","page","type-page","status-publish","hentry","entry"],"_links":{"self":[{"href":"https:\/\/wir-fuer-grimlinghausen.de\/index.php\/wp-json\/wp\/v2\/pages\/134","targetHints":{"allow":["GET"]}}],"collection":[{"href":"https:\/\/wir-fuer-grimlinghausen.de\/index.php\/wp-json\/wp\/v2\/pages"}],"about":[{"href":"https:\/\/wir-fuer-grimlinghausen.de\/index.php\/wp-json\/wp\/v2\/types\/page"}],"author":[{"embeddable":true,"href":"https:\/\/wir-fuer-grimlinghausen.de\/index.php\/wp-json\/wp\/v2\/users\/1"}],"replies":[{"embeddable":true,"href":"https:\/\/wir-fuer-grimlinghausen.de\/index.php\/wp-json\/wp\/v2\/comments?post=134"}],"version-history":[{"count":6,"href":"https:\/\/wir-fuer-grimlinghausen.de\/index.php\/wp-json\/wp\/v2\/pages\/134\/revisions"}],"predecessor-version":[{"id":146,"href":"https:\/\/wir-fuer-grimlinghausen.de\/index.php\/wp-json\/wp\/v2\/pages\/134\/revisions\/146"}],"wp:attachment":[{"href":"https:\/\/wir-fuer-grimlinghausen.de\/index.php\/wp-json\/wp\/v2\/media?parent=134"}],"curies":[{"name":"wp","href":"https:\/\/api.w.org\/{rel}","templated":true}]}}