{"id":147,"date":"2020-06-19T07:51:06","date_gmt":"2020-06-19T07:51:06","guid":{"rendered":"https:\/\/wir-fuer-grimlinghausen.de\/?page_id=147"},"modified":"2020-07-09T06:29:50","modified_gmt":"2020-07-09T06:29:50","slug":"verkehr","status":"publish","type":"page","link":"https:\/\/wir-fuer-grimlinghausen.de\/index.php\/unsere-themen\/verkehr\/","title":{"rendered":"Verkehr"},"content":{"rendered":"\t\t<div data-elementor-type=\"wp-page\" data-elementor-id=\"147\" class=\"elementor elementor-147\">\n\t\t\t\t\t\t<section class=\"elementor-section elementor-top-section elementor-element elementor-element-48647ff elementor-section-boxed elementor-section-height-default elementor-section-height-default\" data-id=\"48647ff\" data-element_type=\"section\" data-e-type=\"section\">\n\t\t\t\t\t\t<div class=\"elementor-container elementor-column-gap-default\">\n\t\t\t\t\t<div class=\"elementor-column elementor-col-100 elementor-top-column elementor-element elementor-element-2c01805\" data-id=\"2c01805\" data-element_type=\"column\" data-e-type=\"column\">\n\t\t\t<div class=\"elementor-widget-wrap elementor-element-populated\">\n\t\t\t\t\t\t<div class=\"elementor-element elementor-element-237a048 elementor-widget elementor-widget-text-editor\" data-id=\"237a048\" data-element_type=\"widget\" data-e-type=\"widget\" data-widget_type=\"text-editor.default\">\n\t\t\t\t<div class=\"elementor-widget-container\">\n\t\t\t\t\t\t\t\t\t<p>Hohe Verkehrsaufkommen vor allem auf Bonner Stra\u00dfe, Norfer Stra\u00dfe und B9 sind nicht nur hinsichtlich des Umwelt- und Gesundheitsschutzes problematisch, sondern sorgen durch den emittierten L\u00e4rm und verstopfte Stra\u00dfen f\u00fcr eine Senkung der Lebensqualit\u00e4t von Anwohnern und Verkehrsteilnehmern. Um dem hohem Verkehrsaufkommen auszuweichen, fahren bereits viele B\u00fcrger \u00fcber Nebenstra\u00dfen, wie die Volmerswerther Stra\u00dfe, durch unser Dorf, was wiederum auch dort zu Belastungen und Stra\u00dfensch\u00e4den f\u00fchrt.<\/p><p>Nat\u00fcrlich l\u00e4sst sich der motorisierte Verkehr nicht vollst\u00e4ndig vermeiden und Mobilit\u00e4t ist eine Grundvoraussetzung f\u00fcr eine funktionierende, lebende, arbeitende Gesellschaft. Dennoch m\u00f6chten wir einige Punkte angehen, um die Lebensqualit\u00e4t vor Ort zu verbessern, welche von Umleitungen des Schwerlastverkehrs bis hin zu Optimierungen in \u00d6PNV-Anbindungen reichen.<\/p>\t\t\t\t\t\t\t\t<\/div>\n\t\t\t\t<\/div>\n\t\t\t\t\t<\/div>\n\t\t<\/div>\n\t\t\t\t\t<\/div>\n\t\t<\/section>\n\t\t\t\t<\/div>\n\t\t","protected":false},"excerpt":{"rendered":"<p>Hohe Verkehrsaufkommen vor allem auf Bonner Stra\u00dfe, Norfer Stra\u00dfe und B9 sind nicht nur hinsichtlich des Umwelt- und Gesundheitsschutzes problematisch, sondern sorgen durch den emittierten L\u00e4rm und verstopfte Stra\u00dfen f\u00fcr eine Senkung der Lebensqualit\u00e4t von Anwohnern und Verkehrsteilnehmern. Um dem hohem Verkehrsaufkommen auszuweichen, fahren bereits viele B\u00fcrger \u00fcber Nebenstra\u00dfen, wie die Volmerswerther Stra\u00dfe, durch unser [&hellip;]<\/p>\n","protected":false},"author":1,"featured_media":0,"parent":22,"menu_order":0,"comment_status":"closed","ping_status":"closed","template":"","meta":{"footnotes":""},"class_list":["post-147","page","type-page","status-publish","hentry","entry"],"_links":{"self":[{"href":"https:\/\/wir-fuer-grimlinghausen.de\/index.php\/wp-json\/wp\/v2\/pages\/147","targetHints":{"allow":["GET"]}}],"collection":[{"href":"https:\/\/wir-fuer-grimlinghausen.de\/index.php\/wp-json\/wp\/v2\/pages"}],"about":[{"href":"https:\/\/wir-fuer-grimlinghausen.de\/index.php\/wp-json\/wp\/v2\/types\/page"}],"author":[{"embeddable":true,"href":"https:\/\/wir-fuer-grimlinghausen.de\/index.php\/wp-json\/wp\/v2\/users\/1"}],"replies":[{"embeddable":true,"href":"https:\/\/wir-fuer-grimlinghausen.de\/index.php\/wp-json\/wp\/v2\/comments?post=147"}],"version-history":[{"count":4,"href":"https:\/\/wir-fuer-grimlinghausen.de\/index.php\/wp-json\/wp\/v2\/pages\/147\/revisions"}],"predecessor-version":[{"id":212,"href":"https:\/\/wir-fuer-grimlinghausen.de\/index.php\/wp-json\/wp\/v2\/pages\/147\/revisions\/212"}],"up":[{"embeddable":true,"href":"https:\/\/wir-fuer-grimlinghausen.de\/index.php\/wp-json\/wp\/v2\/pages\/22"}],"wp:attachment":[{"href":"https:\/\/wir-fuer-grimlinghausen.de\/index.php\/wp-json\/wp\/v2\/media?parent=147"}],"curies":[{"name":"wp","href":"https:\/\/api.w.org\/{rel}","templated":true}]}}