{"id":151,"date":"2020-06-19T07:52:41","date_gmt":"2020-06-19T07:52:41","guid":{"rendered":"https:\/\/wir-fuer-grimlinghausen.de\/?page_id=151"},"modified":"2020-06-20T19:13:04","modified_gmt":"2020-06-20T19:13:04","slug":"sportinfrastruktur","status":"publish","type":"page","link":"https:\/\/wir-fuer-grimlinghausen.de\/index.php\/unsere-themen\/sportinfrastruktur\/","title":{"rendered":"Sportinfrastruktur"},"content":{"rendered":"\t\t<div data-elementor-type=\"wp-page\" data-elementor-id=\"151\" class=\"elementor elementor-151\">\n\t\t\t\t\t\t<section class=\"elementor-section elementor-top-section elementor-element elementor-element-2410740 elementor-section-boxed elementor-section-height-default elementor-section-height-default\" data-id=\"2410740\" data-element_type=\"section\" data-e-type=\"section\">\n\t\t\t\t\t\t<div class=\"elementor-container elementor-column-gap-default\">\n\t\t\t\t\t<div class=\"elementor-column elementor-col-100 elementor-top-column elementor-element elementor-element-3553f5e\" data-id=\"3553f5e\" data-element_type=\"column\" data-e-type=\"column\">\n\t\t\t<div class=\"elementor-widget-wrap elementor-element-populated\">\n\t\t\t\t\t\t<div class=\"elementor-element elementor-element-fa405ad elementor-widget elementor-widget-text-editor\" data-id=\"fa405ad\" data-element_type=\"widget\" data-e-type=\"widget\" data-widget_type=\"text-editor.default\">\n\t\t\t\t<div class=\"elementor-widget-container\">\n\t\t\t\t\t\t\t\t\t<p>Individual- und vor allem Vereinssport f\u00f6rdern neben der Gesundheit auch den sozialen Ausgleich und Zusammenhalt in einem Ort. Unsere Bezirkssportanlage ist derzeit jedoch in einem kaum noch zeitgem\u00e4\u00dfen Zustand und wird den Anforderungen eines gewachsenen Ortes nicht mehr gerecht. Bereits jetzt f\u00fchren schlechte Trainings- und Spielbedingungen zur Abwanderung von Mitgliedern im Sport. Dies betrifft sowohl den fehlenden Kunstrasenplatz,. als auch die v\u00f6llig unterdimensionierte Turnhalle, die trotz hoher Auslastung nicht ausreicht, um allen Grimlinghauser B\u00fcrgern ein vielf\u00e4ltiges Breitensportangebot zu erm\u00f6glichen. Wir setzen uns daher f\u00fcr eine zeitgem\u00e4\u00dfe, aber auch zukunftsf\u00e4hige Sportinfrastruktur in Grimlinghausen ein.<\/p>\t\t\t\t\t\t\t\t<\/div>\n\t\t\t\t<\/div>\n\t\t\t\t\t<\/div>\n\t\t<\/div>\n\t\t\t\t\t<\/div>\n\t\t<\/section>\n\t\t\t\t<\/div>\n\t\t","protected":false},"excerpt":{"rendered":"<p>Individual- und vor allem Vereinssport f\u00f6rdern neben der Gesundheit auch den sozialen Ausgleich und Zusammenhalt in einem Ort. Unsere Bezirkssportanlage ist derzeit jedoch in einem kaum noch zeitgem\u00e4\u00dfen Zustand und wird den Anforderungen eines gewachsenen Ortes nicht mehr gerecht. Bereits jetzt f\u00fchren schlechte Trainings- und Spielbedingungen zur Abwanderung von Mitgliedern im Sport. Dies betrifft sowohl [&hellip;]<\/p>\n","protected":false},"author":1,"featured_media":0,"parent":22,"menu_order":0,"comment_status":"closed","ping_status":"closed","template":"","meta":{"footnotes":""},"class_list":["post-151","page","type-page","status-publish","hentry","entry"],"_links":{"self":[{"href":"https:\/\/wir-fuer-grimlinghausen.de\/index.php\/wp-json\/wp\/v2\/pages\/151","targetHints":{"allow":["GET"]}}],"collection":[{"href":"https:\/\/wir-fuer-grimlinghausen.de\/index.php\/wp-json\/wp\/v2\/pages"}],"about":[{"href":"https:\/\/wir-fuer-grimlinghausen.de\/index.php\/wp-json\/wp\/v2\/types\/page"}],"author":[{"embeddable":true,"href":"https:\/\/wir-fuer-grimlinghausen.de\/index.php\/wp-json\/wp\/v2\/users\/1"}],"replies":[{"embeddable":true,"href":"https:\/\/wir-fuer-grimlinghausen.de\/index.php\/wp-json\/wp\/v2\/comments?post=151"}],"version-history":[{"count":6,"href":"https:\/\/wir-fuer-grimlinghausen.de\/index.php\/wp-json\/wp\/v2\/pages\/151\/revisions"}],"predecessor-version":[{"id":208,"href":"https:\/\/wir-fuer-grimlinghausen.de\/index.php\/wp-json\/wp\/v2\/pages\/151\/revisions\/208"}],"up":[{"embeddable":true,"href":"https:\/\/wir-fuer-grimlinghausen.de\/index.php\/wp-json\/wp\/v2\/pages\/22"}],"wp:attachment":[{"href":"https:\/\/wir-fuer-grimlinghausen.de\/index.php\/wp-json\/wp\/v2\/media?parent=151"}],"curies":[{"name":"wp","href":"https:\/\/api.w.org\/{rel}","templated":true}]}}