{"id":155,"date":"2020-06-19T07:54:12","date_gmt":"2020-06-19T07:54:12","guid":{"rendered":"https:\/\/wir-fuer-grimlinghausen.de\/?page_id=155"},"modified":"2020-06-19T08:14:22","modified_gmt":"2020-06-19T08:14:22","slug":"gruenflaechenpflege","status":"publish","type":"page","link":"https:\/\/wir-fuer-grimlinghausen.de\/index.php\/unsere-themen\/gruenflaechenpflege\/","title":{"rendered":"Gr\u00fcnfl\u00e4chenpflege"},"content":{"rendered":"\t\t<div data-elementor-type=\"wp-page\" data-elementor-id=\"155\" class=\"elementor elementor-155\">\n\t\t\t\t\t\t<section class=\"elementor-section elementor-top-section elementor-element elementor-element-2f66190 elementor-section-boxed elementor-section-height-default elementor-section-height-default\" data-id=\"2f66190\" data-element_type=\"section\" data-e-type=\"section\">\n\t\t\t\t\t\t<div class=\"elementor-container elementor-column-gap-default\">\n\t\t\t\t\t<div class=\"elementor-column elementor-col-100 elementor-top-column elementor-element elementor-element-7506b5a\" data-id=\"7506b5a\" data-element_type=\"column\" data-e-type=\"column\">\n\t\t\t<div class=\"elementor-widget-wrap elementor-element-populated\">\n\t\t\t\t\t\t<div class=\"elementor-element elementor-element-255cf6f elementor-widget elementor-widget-text-editor\" data-id=\"255cf6f\" data-element_type=\"widget\" data-e-type=\"widget\" data-widget_type=\"text-editor.default\">\n\t\t\t\t<div class=\"elementor-widget-container\">\n\t\t\t\t\t\t\t\t\t<p>Die Gr\u00fcnfl\u00e4chen, die eigentlich eine optische Zierde eines jeden Ortes sein sollten, werden im gesamten Dorf derzeit nur unzureichend gepflegt. Die Wahrnehmung vieler B\u00fcrger, dass &#8222;die Stadt&#8220; diesbez\u00fcglich nur kurz vor Sch\u00fctzenfest aktiv wird, ist leider beim Anblick so mancher Gr\u00fcnanlage nicht ganz von der Hand zu weisen. Wir setzen uns daher ein f\u00fcr eine Verbesserung der st\u00e4dtischen Gr\u00fcnfl\u00e4chenpflege, aber auch f\u00fcr eine St\u00e4rkung und W\u00fcrdigung von privatem Engagement, welches an vielen Stellen bereits heute daf\u00fcr sorgt, dass Gr\u00fcnfl\u00e4chen noch als solche zu erkennen und nutzbar sind.<\/p>\t\t\t\t\t\t\t\t<\/div>\n\t\t\t\t<\/div>\n\t\t\t\t\t<\/div>\n\t\t<\/div>\n\t\t\t\t\t<\/div>\n\t\t<\/section>\n\t\t\t\t<\/div>\n\t\t","protected":false},"excerpt":{"rendered":"<p>Die Gr\u00fcnfl\u00e4chen, die eigentlich eine optische Zierde eines jeden Ortes sein sollten, werden im gesamten Dorf derzeit nur unzureichend gepflegt. Die Wahrnehmung vieler B\u00fcrger, dass &#8222;die Stadt&#8220; diesbez\u00fcglich nur kurz vor Sch\u00fctzenfest aktiv wird, ist leider beim Anblick so mancher Gr\u00fcnanlage nicht ganz von der Hand zu weisen. Wir setzen uns daher ein f\u00fcr eine [&hellip;]<\/p>\n","protected":false},"author":1,"featured_media":0,"parent":22,"menu_order":0,"comment_status":"closed","ping_status":"closed","template":"","meta":{"footnotes":""},"class_list":["post-155","page","type-page","status-publish","hentry","entry"],"_links":{"self":[{"href":"https:\/\/wir-fuer-grimlinghausen.de\/index.php\/wp-json\/wp\/v2\/pages\/155","targetHints":{"allow":["GET"]}}],"collection":[{"href":"https:\/\/wir-fuer-grimlinghausen.de\/index.php\/wp-json\/wp\/v2\/pages"}],"about":[{"href":"https:\/\/wir-fuer-grimlinghausen.de\/index.php\/wp-json\/wp\/v2\/types\/page"}],"author":[{"embeddable":true,"href":"https:\/\/wir-fuer-grimlinghausen.de\/index.php\/wp-json\/wp\/v2\/users\/1"}],"replies":[{"embeddable":true,"href":"https:\/\/wir-fuer-grimlinghausen.de\/index.php\/wp-json\/wp\/v2\/comments?post=155"}],"version-history":[{"count":3,"href":"https:\/\/wir-fuer-grimlinghausen.de\/index.php\/wp-json\/wp\/v2\/pages\/155\/revisions"}],"predecessor-version":[{"id":171,"href":"https:\/\/wir-fuer-grimlinghausen.de\/index.php\/wp-json\/wp\/v2\/pages\/155\/revisions\/171"}],"up":[{"embeddable":true,"href":"https:\/\/wir-fuer-grimlinghausen.de\/index.php\/wp-json\/wp\/v2\/pages\/22"}],"wp:attachment":[{"href":"https:\/\/wir-fuer-grimlinghausen.de\/index.php\/wp-json\/wp\/v2\/media?parent=155"}],"curies":[{"name":"wp","href":"https:\/\/api.w.org\/{rel}","templated":true}]}}