{"id":19,"date":"2020-06-18T08:06:46","date_gmt":"2020-06-18T08:06:46","guid":{"rendered":"https:\/\/wir-fuer-grimlinghausen.de\/?page_id=19"},"modified":"2020-07-09T06:39:00","modified_gmt":"2020-07-09T06:39:00","slug":"wer-wir-sind","status":"publish","type":"page","link":"https:\/\/wir-fuer-grimlinghausen.de\/index.php\/wer-wir-sind\/","title":{"rendered":"Wer WIR sind"},"content":{"rendered":"\t\t<div data-elementor-type=\"wp-page\" data-elementor-id=\"19\" class=\"elementor elementor-19\">\n\t\t\t\t\t\t<section class=\"elementor-section elementor-top-section elementor-element elementor-element-9ccd593 elementor-section-boxed elementor-section-height-default elementor-section-height-default\" data-id=\"9ccd593\" data-element_type=\"section\" data-e-type=\"section\">\n\t\t\t\t\t\t<div class=\"elementor-container elementor-column-gap-default\">\n\t\t\t\t\t<div class=\"elementor-column elementor-col-100 elementor-top-column elementor-element elementor-element-af148d9\" data-id=\"af148d9\" data-element_type=\"column\" data-e-type=\"column\">\n\t\t\t<div class=\"elementor-widget-wrap elementor-element-populated\">\n\t\t\t\t\t\t<div class=\"elementor-element elementor-element-00ae9e6 elementor-widget elementor-widget-text-editor\" data-id=\"00ae9e6\" data-element_type=\"widget\" data-e-type=\"widget\" data-widget_type=\"text-editor.default\">\n\t\t\t\t<div class=\"elementor-widget-container\">\n\t\t\t\t\t\t\t\t\t<p>Wir sind ein Zusammenschluss Grimlinghauser B\u00fcrger, die eine Initiative gegr\u00fcndet haben, um sich f\u00fcr Ihren Ort einzusetzen.<\/p><p>Zwei Stadtteilkonferenzen mit weit \u00fcber hundert Besuchern haben uns gezeigt, dass der Bedarf der B\u00fcrger sehr hoch ist, die politischen Alltagsthemen vor Ort mitbestimmen zu k\u00f6nnen. Unser Ziel ist daher, im Sinne dieser B\u00fcrgerpartizipation eine Stimme f\u00fcr lokale Anliegen und Probleme zu sein, die wahrgenommen wird. Wir m\u00f6chten nicht die bestehenden Parteien ersetzen, sondern mit diesen zusammen etwas f\u00fcr unseren Ort bewirken.<\/p><p>\u00dcberparteilich &#8211; nah am Menschen &#8211; lokal verortet.<\/p>\t\t\t\t\t\t\t\t<\/div>\n\t\t\t\t<\/div>\n\t\t\t\t\t<\/div>\n\t\t<\/div>\n\t\t\t\t\t<\/div>\n\t\t<\/section>\n\t\t\t\t<section class=\"elementor-section elementor-top-section elementor-element elementor-element-25fcaa8 elementor-section-boxed elementor-section-height-default elementor-section-height-default\" data-id=\"25fcaa8\" data-element_type=\"section\" data-e-type=\"section\">\n\t\t\t\t\t\t<div class=\"elementor-container elementor-column-gap-default\">\n\t\t\t\t\t<div class=\"elementor-column elementor-col-100 elementor-top-column elementor-element elementor-element-2073f3b\" data-id=\"2073f3b\" data-element_type=\"column\" data-e-type=\"column\">\n\t\t\t<div class=\"elementor-widget-wrap elementor-element-populated\">\n\t\t\t\t\t\t<div class=\"elementor-element elementor-element-15a8122 elementor-widget elementor-widget-image\" data-id=\"15a8122\" data-element_type=\"widget\" data-e-type=\"widget\" data-widget_type=\"image.default\">\n\t\t\t\t<div class=\"elementor-widget-container\">\n\t\t\t\t\t\t\t\t\t\t\t\t<figure class=\"wp-caption\">\n\t\t\t\t\t\t\t\t\t\t<img fetchpriority=\"high\" decoding=\"async\" width=\"1024\" height=\"502\" src=\"https:\/\/wir-fuer-grimlinghausen.de\/wp-content\/uploads\/2020\/06\/gruendung-1024x502.jpg\" class=\"attachment-large size-large wp-image-203\" alt=\"\" srcset=\"https:\/\/wir-fuer-grimlinghausen.de\/wp-content\/uploads\/2020\/06\/gruendung-1024x502.jpg 1024w, https:\/\/wir-fuer-grimlinghausen.de\/wp-content\/uploads\/2020\/06\/gruendung-300x147.jpg 300w, https:\/\/wir-fuer-grimlinghausen.de\/wp-content\/uploads\/2020\/06\/gruendung-768x377.jpg 768w, https:\/\/wir-fuer-grimlinghausen.de\/wp-content\/uploads\/2020\/06\/gruendung-1536x753.jpg 1536w, https:\/\/wir-fuer-grimlinghausen.de\/wp-content\/uploads\/2020\/06\/gruendung-2048x1004.jpg 2048w\" sizes=\"(max-width: 1024px) 100vw, 1024px\" \/>\t\t\t\t\t\t\t\t\t\t\t<figcaption class=\"widget-image-caption wp-caption-text\">Gr\u00fcnderrunde - Foto: Ludger Baten<\/figcaption>\n\t\t\t\t\t\t\t\t\t\t<\/figure>\n\t\t\t\t\t\t\t\t\t<\/div>\n\t\t\t\t<\/div>\n\t\t\t\t\t<\/div>\n\t\t<\/div>\n\t\t\t\t\t<\/div>\n\t\t<\/section>\n\t\t\t\t<\/div>\n\t\t","protected":false},"excerpt":{"rendered":"<p>Wir sind ein Zusammenschluss Grimlinghauser B\u00fcrger, die eine Initiative gegr\u00fcndet haben, um sich f\u00fcr Ihren Ort einzusetzen. Zwei Stadtteilkonferenzen mit weit \u00fcber hundert Besuchern haben uns gezeigt, dass der Bedarf der B\u00fcrger sehr hoch ist, die politischen Alltagsthemen vor Ort mitbestimmen zu k\u00f6nnen. Unser Ziel ist daher, im Sinne dieser B\u00fcrgerpartizipation eine Stimme f\u00fcr lokale [&hellip;]<\/p>\n","protected":false},"author":1,"featured_media":0,"parent":0,"menu_order":0,"comment_status":"closed","ping_status":"closed","template":"","meta":{"footnotes":""},"class_list":["post-19","page","type-page","status-publish","hentry","entry"],"_links":{"self":[{"href":"https:\/\/wir-fuer-grimlinghausen.de\/index.php\/wp-json\/wp\/v2\/pages\/19","targetHints":{"allow":["GET"]}}],"collection":[{"href":"https:\/\/wir-fuer-grimlinghausen.de\/index.php\/wp-json\/wp\/v2\/pages"}],"about":[{"href":"https:\/\/wir-fuer-grimlinghausen.de\/index.php\/wp-json\/wp\/v2\/types\/page"}],"author":[{"embeddable":true,"href":"https:\/\/wir-fuer-grimlinghausen.de\/index.php\/wp-json\/wp\/v2\/users\/1"}],"replies":[{"embeddable":true,"href":"https:\/\/wir-fuer-grimlinghausen.de\/index.php\/wp-json\/wp\/v2\/comments?post=19"}],"version-history":[{"count":12,"href":"https:\/\/wir-fuer-grimlinghausen.de\/index.php\/wp-json\/wp\/v2\/pages\/19\/revisions"}],"predecessor-version":[{"id":218,"href":"https:\/\/wir-fuer-grimlinghausen.de\/index.php\/wp-json\/wp\/v2\/pages\/19\/revisions\/218"}],"wp:attachment":[{"href":"https:\/\/wir-fuer-grimlinghausen.de\/index.php\/wp-json\/wp\/v2\/media?parent=19"}],"curies":[{"name":"wp","href":"https:\/\/api.w.org\/{rel}","templated":true}]}}