{"id":22,"date":"2020-06-18T08:07:13","date_gmt":"2020-06-18T08:07:13","guid":{"rendered":"https:\/\/wir-fuer-grimlinghausen.de\/?page_id=22"},"modified":"2020-06-19T07:58:30","modified_gmt":"2020-06-19T07:58:30","slug":"unsere-themen","status":"publish","type":"page","link":"https:\/\/wir-fuer-grimlinghausen.de\/index.php\/unsere-themen\/","title":{"rendered":"Unsere Themen"},"content":{"rendered":"\t\t<div data-elementor-type=\"wp-page\" data-elementor-id=\"22\" class=\"elementor elementor-22\">\n\t\t\t\t\t\t<section class=\"elementor-section elementor-top-section elementor-element elementor-element-a66603e elementor-section-boxed elementor-section-height-default elementor-section-height-default\" data-id=\"a66603e\" data-element_type=\"section\" data-e-type=\"section\">\n\t\t\t\t\t\t<div class=\"elementor-container elementor-column-gap-default\">\n\t\t\t\t\t<div class=\"elementor-column elementor-col-100 elementor-top-column elementor-element elementor-element-5524eca\" data-id=\"5524eca\" data-element_type=\"column\" data-e-type=\"column\">\n\t\t\t<div class=\"elementor-widget-wrap elementor-element-populated\">\n\t\t\t\t\t\t<div class=\"elementor-element elementor-element-da097c5 elementor-widget elementor-widget-text-editor\" data-id=\"da097c5\" data-element_type=\"widget\" data-e-type=\"widget\" data-widget_type=\"text-editor.default\">\n\t\t\t\t<div class=\"elementor-widget-container\">\n\t\t\t\t\t\t\t\t\t<p>Zum Start der Initiative legen wir den Fokus auf vier dr\u00e4ngende Themen in Grimlinghausen:<\/p><ul><li><a href=\"https:\/\/wir-fuer-grimlinghausen.de\/index.php\/buergerbeteiligung\/\">B\u00fcrgerbeteiligung<\/a><\/li><li><a href=\"https:\/\/wir-fuer-grimlinghausen.de\/index.php\/verkehr\/\">Verkehr<\/a><\/li><li><a href=\"https:\/\/wir-fuer-grimlinghausen.de\/index.php\/gruenflaechenpflege\/\">Gr\u00fcnfl\u00e4chenpflege<\/a><\/li><li><a href=\"https:\/\/wir-fuer-grimlinghausen.de\/index.php\/sportinfrastruktur\/\">Sportinfrastruktur<\/a><\/li><\/ul><p>Zuk\u00fcnftig sollen weitere Themen der B\u00fcrger aufgegriffen und adressiert werden.<\/p>\t\t\t\t\t\t\t\t<\/div>\n\t\t\t\t<\/div>\n\t\t\t\t\t<\/div>\n\t\t<\/div>\n\t\t\t\t\t<\/div>\n\t\t<\/section>\n\t\t\t\t<\/div>\n\t\t","protected":false},"excerpt":{"rendered":"<p>Zum Start der Initiative legen wir den Fokus auf vier dr\u00e4ngende Themen in Grimlinghausen: B\u00fcrgerbeteiligung Verkehr Gr\u00fcnfl\u00e4chenpflege Sportinfrastruktur Zuk\u00fcnftig sollen weitere Themen der B\u00fcrger aufgegriffen und adressiert werden.<\/p>\n","protected":false},"author":1,"featured_media":0,"parent":0,"menu_order":0,"comment_status":"closed","ping_status":"closed","template":"","meta":{"footnotes":""},"class_list":["post-22","page","type-page","status-publish","hentry","entry"],"_links":{"self":[{"href":"https:\/\/wir-fuer-grimlinghausen.de\/index.php\/wp-json\/wp\/v2\/pages\/22","targetHints":{"allow":["GET"]}}],"collection":[{"href":"https:\/\/wir-fuer-grimlinghausen.de\/index.php\/wp-json\/wp\/v2\/pages"}],"about":[{"href":"https:\/\/wir-fuer-grimlinghausen.de\/index.php\/wp-json\/wp\/v2\/types\/page"}],"author":[{"embeddable":true,"href":"https:\/\/wir-fuer-grimlinghausen.de\/index.php\/wp-json\/wp\/v2\/users\/1"}],"replies":[{"embeddable":true,"href":"https:\/\/wir-fuer-grimlinghausen.de\/index.php\/wp-json\/wp\/v2\/comments?post=22"}],"version-history":[{"count":10,"href":"https:\/\/wir-fuer-grimlinghausen.de\/index.php\/wp-json\/wp\/v2\/pages\/22\/revisions"}],"predecessor-version":[{"id":164,"href":"https:\/\/wir-fuer-grimlinghausen.de\/index.php\/wp-json\/wp\/v2\/pages\/22\/revisions\/164"}],"wp:attachment":[{"href":"https:\/\/wir-fuer-grimlinghausen.de\/index.php\/wp-json\/wp\/v2\/media?parent=22"}],"curies":[{"name":"wp","href":"https:\/\/api.w.org\/{rel}","templated":true}]}}