{"id":225,"date":"2020-09-09T06:46:08","date_gmt":"2020-09-09T06:46:08","guid":{"rendered":"https:\/\/wir-fuer-grimlinghausen.de\/?page_id=225"},"modified":"2020-09-09T19:10:00","modified_gmt":"2020-09-09T19:10:00","slug":"bezirksausschuss","status":"publish","type":"page","link":"https:\/\/wir-fuer-grimlinghausen.de\/index.php\/kommunalwahl-2020\/bezirksausschuss\/","title":{"rendered":"Stellungnahme der Parteien zu einem Bezirksausschuss f\u00fcr Grimlinghausen"},"content":{"rendered":"\t\t<div data-elementor-type=\"wp-page\" data-elementor-id=\"225\" class=\"elementor elementor-225\">\n\t\t\t\t\t\t<section class=\"elementor-section elementor-top-section elementor-element elementor-element-27c79b0 elementor-section-boxed elementor-section-height-default elementor-section-height-default\" data-id=\"27c79b0\" data-element_type=\"section\" data-e-type=\"section\">\n\t\t\t\t\t\t<div class=\"elementor-container elementor-column-gap-default\">\n\t\t\t\t\t<div class=\"elementor-column elementor-col-100 elementor-top-column elementor-element elementor-element-a4e0ff4\" data-id=\"a4e0ff4\" data-element_type=\"column\" data-e-type=\"column\">\n\t\t\t<div class=\"elementor-widget-wrap elementor-element-populated\">\n\t\t\t\t\t\t<div class=\"elementor-element elementor-element-a8b5c05 elementor-widget elementor-widget-text-editor\" data-id=\"a8b5c05\" data-element_type=\"widget\" data-e-type=\"widget\" data-widget_type=\"text-editor.default\">\n\t\t\t\t<div class=\"elementor-widget-container\">\n\t\t\t\t\t\t\t\t\t<p>Die politische Vertretung in den vergangenen Jahren durch die f\u00fcr Grimlinghausen gew\u00e4hlten Abgeordneten entspricht &#8211; aus der Sicht eines gro\u00dfen Teils der B\u00fcrgerschaft &#8211; nicht den Anforderungen einer zeitgem\u00e4\u00dfen B\u00fcrgerbeteiligung. Themen, die den Ort betreffen, sollten m\u00f6glichst auch vor Ort diskutiert und entschieden werden. Partei\u00fcbergreifend hat der Stadtrat dazu am 19. Juni 2020 den Beschluss gefasst, ein Verfahren zu beginnen, welches den B\u00fcrgern und B\u00fcrgerinnen erm\u00f6glichen soll, in einer noch zu planenden Befragung nach der Kommunalwahl selbst \u00fcber die jeweils gew\u00fcnschte Form der B\u00fcrgerbeteiligung zu entscheiden.<\/p><p>Ein Bezirksausschuss, wie er z.B. in Norf oder Uedesheim seit Jahren existiert und erfolgreich arbeitet, ist aus unserer Sicht dabei das geeignete Instrument der lokalen Mitbestimmung, welches sicherlich durch andere Formen der Mitbestimmung erg\u00e4nzt, aber nicht ersetzt werden kann.\u00a0<span style=\"font-size: 16px; color: var( --e-global-color-text ); font-family: var( --e-global-typography-text-font-family );\">Wir fordern daher einen <\/span><span style=\"color: #000000;\"><strong style=\"font-size: 16px; font-family: var( --e-global-typography-text-font-family );\">eigenen<\/strong><strong><span style=\"font-size: 16px; font-family: var( --e-global-typography-text-font-family );\"> Bezirksausschuss f\u00fcr Grimlinghausen.<\/span><\/strong><\/span><\/p><p><span style=\"color: var( --e-global-color-text ); font-family: var( --e-global-typography-text-font-family ); font-size: 16px;\">Die Parteien schreiben dazu (in Reihenfolge der Wahlergebnisse der Kommunalwahl 2014) folgendes:<\/span><span style=\"font-size: 16px; color: var( --e-global-color-text ); font-family: var( --e-global-typography-text-font-family );\"><br \/><\/span><\/p>\t\t\t\t\t\t\t\t<\/div>\n\t\t\t\t<\/div>\n\t\t\t\t\t<\/div>\n\t\t<\/div>\n\t\t\t\t\t<\/div>\n\t\t<\/section>\n\t\t\t\t<section class=\"elementor-section elementor-top-section elementor-element elementor-element-17b6b42 elementor-section-boxed elementor-section-height-default elementor-section-height-default\" data-id=\"17b6b42\" data-element_type=\"section\" data-e-type=\"section\">\n\t\t\t\t\t\t<div class=\"elementor-container elementor-column-gap-default\">\n\t\t\t\t\t<div class=\"elementor-column elementor-col-100 elementor-top-column elementor-element elementor-element-dab6911\" data-id=\"dab6911\" data-element_type=\"column\" data-e-type=\"column\">\n\t\t\t<div class=\"elementor-widget-wrap elementor-element-populated\">\n\t\t\t\t\t\t<section class=\"elementor-section elementor-inner-section elementor-element elementor-element-4ce6090 elementor-section-boxed elementor-section-height-default elementor-section-height-default\" data-id=\"4ce6090\" data-element_type=\"section\" data-e-type=\"section\">\n\t\t\t\t\t\t<div class=\"elementor-container elementor-column-gap-wide\">\n\t\t\t\t\t<div class=\"elementor-column elementor-col-50 elementor-inner-column elementor-element elementor-element-04c3052\" data-id=\"04c3052\" data-element_type=\"column\" data-e-type=\"column\">\n\t\t\t<div class=\"elementor-widget-wrap elementor-element-populated\">\n\t\t\t\t\t\t<div class=\"elementor-element elementor-element-1f6ecff elementor-widget elementor-widget-text-editor\" data-id=\"1f6ecff\" data-element_type=\"widget\" data-e-type=\"widget\" data-widget_type=\"text-editor.default\">\n\t\t\t\t<div class=\"elementor-widget-container\">\n\t\t\t\t\t\t\t\t\t<h3>Christlich Demokratische Union Deutschlands (CDU)<\/h3><p><em>Die CDU verweist auf das vom Stadtrat imitierte Verfahren zur Ermittlung der pr\u00e4ferierten Form der B\u00fcrgerbeteiligung in den Stadtteilen und wird, falls das Votum in Grimlinghausen f\u00fcr einen Bezirksausschuss ausf\u00e4llt, dieses Anliegen unterst\u00fctzen. Als weitere Formen der B\u00fcrgerbeteiligung schl\u00e4gt die CDU vor, B\u00fcrger fr\u00fcher in Planungsverfahren der Stadt zu beteiligen und eine Online-Plattform zu etablieren, die es dem B\u00fcrger erm\u00f6glicht, Anregungen oder Kritik in die Verwaltung und den Rat zu bringen.<\/em><\/p>\t\t\t\t\t\t\t\t<\/div>\n\t\t\t\t<\/div>\n\t\t\t\t\t<\/div>\n\t\t<\/div>\n\t\t\t\t<div class=\"elementor-column elementor-col-50 elementor-inner-column elementor-element elementor-element-effbd94\" data-id=\"effbd94\" data-element_type=\"column\" data-e-type=\"column\">\n\t\t\t<div class=\"elementor-widget-wrap elementor-element-populated\">\n\t\t\t\t\t\t<div class=\"elementor-element elementor-element-52f7e01 elementor-widget elementor-widget-text-editor\" data-id=\"52f7e01\" data-element_type=\"widget\" data-e-type=\"widget\" data-widget_type=\"text-editor.default\">\n\t\t\t\t<div class=\"elementor-widget-container\">\n\t\t\t\t\t\t\t\t\t<h3>Sozialdemokratische Partei Deutschlands (SPD)<\/h3><p><em>Die SPD betont, dass sich sich seit vielen Jahren f\u00fcr die fl\u00e4chendeckende Einf\u00fchrung von Bezirksaussch\u00fcssen einsetzt und dazu in der Vergangenheit bereits mehrere Antr\u00e4ge eingebracht habe, die jedoch leider keine Mehrheit im Rat gefunden haben. Die SPD f\u00fchrt die fl\u00e4chendeckende Einf\u00fchrung von Bezirksaussch\u00fcssen als Ziel in ihrem aktuellen Kommunalwahlprogramm und m\u00f6chte die Aussch\u00fcsse dar\u00fcber hinaus mit einem eigenen Budget ausstatten.<\/em><\/p>\t\t\t\t\t\t\t\t<\/div>\n\t\t\t\t<\/div>\n\t\t\t\t\t<\/div>\n\t\t<\/div>\n\t\t\t\t\t<\/div>\n\t\t<\/section>\n\t\t\t\t<div class=\"elementor-element elementor-element-5b306a2 elementor-widget-divider--view-line elementor-widget elementor-widget-divider\" data-id=\"5b306a2\" data-element_type=\"widget\" data-e-type=\"widget\" data-widget_type=\"divider.default\">\n\t\t\t\t<div class=\"elementor-widget-container\">\n\t\t\t\t\t\t\t<div class=\"elementor-divider\">\n\t\t\t<span class=\"elementor-divider-separator\">\n\t\t\t\t\t\t<\/span>\n\t\t<\/div>\n\t\t\t\t\t\t<\/div>\n\t\t\t\t<\/div>\n\t\t\t\t<section class=\"elementor-section elementor-inner-section elementor-element elementor-element-6d1be64 elementor-section-boxed elementor-section-height-default elementor-section-height-default\" data-id=\"6d1be64\" data-element_type=\"section\" data-e-type=\"section\">\n\t\t\t\t\t\t<div class=\"elementor-container elementor-column-gap-wide\">\n\t\t\t\t\t<div class=\"elementor-column elementor-col-50 elementor-inner-column elementor-element elementor-element-8f4649e\" data-id=\"8f4649e\" data-element_type=\"column\" data-e-type=\"column\">\n\t\t\t<div class=\"elementor-widget-wrap elementor-element-populated\">\n\t\t\t\t\t\t<div class=\"elementor-element elementor-element-e6a35e0 elementor-widget elementor-widget-text-editor\" data-id=\"e6a35e0\" data-element_type=\"widget\" data-e-type=\"widget\" data-widget_type=\"text-editor.default\">\n\t\t\t\t<div class=\"elementor-widget-container\">\n\t\t\t\t\t\t\t\t\t<h3>B\u00fcndnis 90 \/ Die Gr\u00fcnen<\/h3><p><em>Die Partei B\u00fcndnis 90 \/ Die Gr\u00fcnen m\u00f6chte sich f\u00fcr mehr Mitentscheiderecht f\u00fcr B\u00fcrger bei st\u00e4dtischen Projekten einsetzen und wird daher f\u00fcr den Erhalt der bisherigen Bezirksaussch\u00fcsse eintreten und die Schaffung weiterer unterst\u00fctzen.<\/em><\/p>\t\t\t\t\t\t\t\t<\/div>\n\t\t\t\t<\/div>\n\t\t\t\t\t<\/div>\n\t\t<\/div>\n\t\t\t\t<div class=\"elementor-column elementor-col-50 elementor-inner-column elementor-element elementor-element-285b388\" data-id=\"285b388\" data-element_type=\"column\" data-e-type=\"column\">\n\t\t\t<div class=\"elementor-widget-wrap elementor-element-populated\">\n\t\t\t\t\t\t<div class=\"elementor-element elementor-element-acd7c2c elementor-widget elementor-widget-text-editor\" data-id=\"acd7c2c\" data-element_type=\"widget\" data-e-type=\"widget\" data-widget_type=\"text-editor.default\">\n\t\t\t\t<div class=\"elementor-widget-container\">\n\t\t\t\t\t\t\t\t\t<h3>Freie Demokratische Partei (FDP)<\/h3>\n<p><em>Der Stadtratskandidat der FDP f\u00fcr Grimlinghausen &#8211; Tim Hammes &#8211; sieht Bezirksaussch\u00fcsse differenziert. Er weist u.a. auf den m\u00f6glichen Einfluss von Parteiinteressen, den Rat als letzte Entscheidungsinstanz und Kosten im Verh\u00e4ltnis zum Nutzen eines Bezirksausschusses hin. F\u00fcr die FDP sollten jedoch entweder alle Stadtteile einen Bezirksausschuss haben oder gar keiner, um kein Ungleichgewicht zwischen den Stadtteilen zu haben. Sollte die Wahl der Grimlinghauser bei einem m\u00f6glichen Votum f\u00fcr einen Bezirksausschuss ausfallen, wird man dieses Anliegen unterst\u00fctzen.<\/em><\/p>\t\t\t\t\t\t\t\t<\/div>\n\t\t\t\t<\/div>\n\t\t\t\t\t<\/div>\n\t\t<\/div>\n\t\t\t\t\t<\/div>\n\t\t<\/section>\n\t\t\t\t<div class=\"elementor-element elementor-element-5982b20 elementor-widget-divider--view-line elementor-widget elementor-widget-divider\" data-id=\"5982b20\" data-element_type=\"widget\" data-e-type=\"widget\" data-widget_type=\"divider.default\">\n\t\t\t\t<div class=\"elementor-widget-container\">\n\t\t\t\t\t\t\t<div class=\"elementor-divider\">\n\t\t\t<span class=\"elementor-divider-separator\">\n\t\t\t\t\t\t<\/span>\n\t\t<\/div>\n\t\t\t\t\t\t<\/div>\n\t\t\t\t<\/div>\n\t\t\t\t<section class=\"elementor-section elementor-inner-section elementor-element elementor-element-fdc6cfa elementor-section-boxed elementor-section-height-default elementor-section-height-default\" data-id=\"fdc6cfa\" data-element_type=\"section\" data-e-type=\"section\">\n\t\t\t\t\t\t<div class=\"elementor-container elementor-column-gap-wide\">\n\t\t\t\t\t<div class=\"elementor-column elementor-col-50 elementor-inner-column elementor-element elementor-element-1524a2c\" data-id=\"1524a2c\" data-element_type=\"column\" data-e-type=\"column\">\n\t\t\t<div class=\"elementor-widget-wrap elementor-element-populated\">\n\t\t\t\t\t\t<div class=\"elementor-element elementor-element-dd516a6 elementor-widget elementor-widget-text-editor\" data-id=\"dd516a6\" data-element_type=\"widget\" data-e-type=\"widget\" data-widget_type=\"text-editor.default\">\n\t\t\t\t<div class=\"elementor-widget-container\">\n\t\t\t\t\t\t\t\t\t<h3>Die Linke<\/h3><p><em>Die Linke ist f\u00fcr mehr \u00f6rtliche Selbstverwaltung in den Ortsteilen, sieht aber in Bezirksaussch\u00fcssen keine nennenswerte Verbesserung zum gegenw\u00e4rtigen Zustand, da dort die Parteien \u00fcber die Entsendung der Mitglieder entscheiden und nicht gew\u00e4hrleistet sei, dass tats\u00e4chlich nur Einwohner von Grimlinghausen Teil des Bezirksausschusses w\u00fcrden. Stattdessen schl\u00e4gt Die Linke die Einrichtung von \u00f6rtlichen B\u00fcrgerr\u00e4ten vor, die unabh\u00e4ngig von Parteien mit eigenen Kompetenzen und eigenen Budgets ausgestattet werden sollen.<\/em><\/p>\t\t\t\t\t\t\t\t<\/div>\n\t\t\t\t<\/div>\n\t\t\t\t\t<\/div>\n\t\t<\/div>\n\t\t\t\t<div class=\"elementor-column elementor-col-50 elementor-inner-column elementor-element elementor-element-d1e5203\" data-id=\"d1e5203\" data-element_type=\"column\" data-e-type=\"column\">\n\t\t\t<div class=\"elementor-widget-wrap elementor-element-populated\">\n\t\t\t\t\t\t<div class=\"elementor-element elementor-element-275e9a5 elementor-widget elementor-widget-text-editor\" data-id=\"275e9a5\" data-element_type=\"widget\" data-e-type=\"widget\" data-widget_type=\"text-editor.default\">\n\t\t\t\t<div class=\"elementor-widget-container\">\n\t\t\t\t\t\t\t\t\t<h3>Unabh\u00e4ngige W\u00e4hlergemeinschaft (UWG) \/ Freie W\u00e4hler<\/h3><p><em>F\u00fcr die UWG\/Freie W\u00e4hler ist der Bezirksausschuss in Grimlinghausen alternativlos. Die UWG\/Freie W\u00e4hler geht die Wichtigkeit auch dadurch hervor, dass bei der Einteilung der Wahlbezirke Grimlinghausen zerrissen wurde und dies nach Auffassung der Partei eine Schande ist. Die UWG\/Frei W\u00e4hler setzt sich daher f\u00fcr die fl\u00e4chendeckende Einf\u00fchrung von Bezirksaussch\u00fcssen ein und m\u00f6chte diese mit j\u00e4hrlichen B\u00fcrgerversammlungen in den Ortsteilen erg\u00e4nzen.<\/em><\/p>\t\t\t\t\t\t\t\t<\/div>\n\t\t\t\t<\/div>\n\t\t\t\t\t<\/div>\n\t\t<\/div>\n\t\t\t\t\t<\/div>\n\t\t<\/section>\n\t\t\t\t<div class=\"elementor-element elementor-element-a98230c elementor-widget-divider--view-line elementor-widget elementor-widget-divider\" data-id=\"a98230c\" data-element_type=\"widget\" data-e-type=\"widget\" data-widget_type=\"divider.default\">\n\t\t\t\t<div class=\"elementor-widget-container\">\n\t\t\t\t\t\t\t<div class=\"elementor-divider\">\n\t\t\t<span class=\"elementor-divider-separator\">\n\t\t\t\t\t\t<\/span>\n\t\t<\/div>\n\t\t\t\t\t\t<\/div>\n\t\t\t\t<\/div>\n\t\t\t\t<section class=\"elementor-section elementor-inner-section elementor-element elementor-element-86144de elementor-section-boxed elementor-section-height-default elementor-section-height-default\" data-id=\"86144de\" data-element_type=\"section\" data-e-type=\"section\">\n\t\t\t\t\t\t<div class=\"elementor-container elementor-column-gap-wide\">\n\t\t\t\t\t<div class=\"elementor-column elementor-col-50 elementor-inner-column elementor-element elementor-element-256b1ac\" data-id=\"256b1ac\" data-element_type=\"column\" data-e-type=\"column\">\n\t\t\t<div class=\"elementor-widget-wrap elementor-element-populated\">\n\t\t\t\t\t\t<div class=\"elementor-element elementor-element-90ee686 elementor-widget elementor-widget-text-editor\" data-id=\"90ee686\" data-element_type=\"widget\" data-e-type=\"widget\" data-widget_type=\"text-editor.default\">\n\t\t\t\t<div class=\"elementor-widget-container\">\n\t\t\t\t\t\t\t\t\t<h3>Deutsche Zentrumspartei (ZENTRUM)<\/h3><p><em>Die Zentrums-Partei betont, dass sie f\u00fcr die St\u00e4rkung von Ortsteilen steht, h\u00e4lt aber einen weiteren Bezirksausschuss f\u00fcr Grimlinghausen f\u00fcr nicht nachvollziehbar. Die Partei schl\u00e4gt stattdessen einen gemeinsamen Bezirksausschuss f\u00fcr Grimlinghausen\/Uedesheim vor, welcher dann fast 13.000 Einwohner repr\u00e4sentieren w\u00fcrde.<\/em><\/p>\t\t\t\t\t\t\t\t<\/div>\n\t\t\t\t<\/div>\n\t\t\t\t\t<\/div>\n\t\t<\/div>\n\t\t\t\t<div class=\"elementor-column elementor-col-50 elementor-inner-column elementor-element elementor-element-41cb0de\" data-id=\"41cb0de\" data-element_type=\"column\" data-e-type=\"column\">\n\t\t\t<div class=\"elementor-widget-wrap elementor-element-populated\">\n\t\t\t\t\t\t<div class=\"elementor-element elementor-element-8c9624b elementor-widget elementor-widget-text-editor\" data-id=\"8c9624b\" data-element_type=\"widget\" data-e-type=\"widget\" data-widget_type=\"text-editor.default\">\n\t\t\t\t<div class=\"elementor-widget-container\">\n\t\t\t\t\t\t\t\t\t<h3>Partei f\u00fcr Tierschutz (TIERSCHUTZ hier!)<\/h3><p><em>Die Tierschutzpartei setzt sich laut eigener Aussage daf\u00fcr ein, dass Politik von unten nach oben gemacht werden muss, also dass diejenigen, die die Gegebenheiten vor Ort am besten kennen, auch lokal entscheiden sollen. Die Tierschutzpartei begr\u00fc\u00dft daher die Initiative f\u00fcr Grimlinghausen einen Bezirksausschuss einzurichten und wird diese mittragen.<\/em><\/p>\t\t\t\t\t\t\t\t<\/div>\n\t\t\t\t<\/div>\n\t\t\t\t\t<\/div>\n\t\t<\/div>\n\t\t\t\t\t<\/div>\n\t\t<\/section>\n\t\t\t\t\t<\/div>\n\t\t<\/div>\n\t\t\t\t\t<\/div>\n\t\t<\/section>\n\t\t\t\t<section class=\"elementor-section elementor-top-section elementor-element elementor-element-4e634f0 elementor-section-boxed elementor-section-height-default elementor-section-height-default\" data-id=\"4e634f0\" data-element_type=\"section\" data-e-type=\"section\">\n\t\t\t\t\t\t<div class=\"elementor-container elementor-column-gap-default\">\n\t\t\t\t\t<div class=\"elementor-column elementor-col-100 elementor-top-column elementor-element elementor-element-196dd56\" data-id=\"196dd56\" data-element_type=\"column\" data-e-type=\"column\">\n\t\t\t<div class=\"elementor-widget-wrap elementor-element-populated\">\n\t\t\t\t\t\t<div class=\"elementor-element elementor-element-712c824 elementor-widget elementor-widget-spacer\" data-id=\"712c824\" data-element_type=\"widget\" data-e-type=\"widget\" data-widget_type=\"spacer.default\">\n\t\t\t\t<div class=\"elementor-widget-container\">\n\t\t\t\t\t\t\t<div class=\"elementor-spacer\">\n\t\t\t<div class=\"elementor-spacer-inner\"><\/div>\n\t\t<\/div>\n\t\t\t\t\t\t<\/div>\n\t\t\t\t<\/div>\n\t\t\t\t<div class=\"elementor-element elementor-element-62183af elementor-widget elementor-widget-heading\" data-id=\"62183af\" data-element_type=\"widget\" data-e-type=\"widget\" data-widget_type=\"heading.default\">\n\t\t\t\t<div class=\"elementor-widget-container\">\n\t\t\t\t\t<h3 class=\"elementor-heading-title elementor-size-default\">Unsere Einordnung<\/h3>\t\t\t\t<\/div>\n\t\t\t\t<\/div>\n\t\t\t\t\t<\/div>\n\t\t<\/div>\n\t\t\t\t\t<\/div>\n\t\t<\/section>\n\t\t\t\t<section class=\"elementor-section elementor-top-section elementor-element elementor-element-c00635f elementor-section-boxed elementor-section-height-default elementor-section-height-default\" data-id=\"c00635f\" data-element_type=\"section\" data-e-type=\"section\">\n\t\t\t\t\t\t<div class=\"elementor-container elementor-column-gap-default\">\n\t\t\t\t\t<div class=\"elementor-column elementor-col-100 elementor-top-column elementor-element elementor-element-2d5a178\" data-id=\"2d5a178\" data-element_type=\"column\" data-e-type=\"column\">\n\t\t\t<div class=\"elementor-widget-wrap elementor-element-populated\">\n\t\t\t\t\t\t<div class=\"elementor-element elementor-element-e73e661 elementor-widget elementor-widget-text-editor\" data-id=\"e73e661\" data-element_type=\"widget\" data-e-type=\"widget\" data-widget_type=\"text-editor.default\">\n\t\t\t\t<div class=\"elementor-widget-container\">\n\t\t\t\t\t\t\t\t\t<p>Wir begr\u00fc\u00dfen sehr, dass viele der Parteien unsere Forderung nach einem Bezirksausschuss f\u00fcr Grimlinghausen unterst\u00fctzen. Weitere Ideen zur B\u00fcrgerbeteiligung wie B\u00fcrgerversammlungen oder Online-Plattformen sehen wir als sinnvolle m\u00f6gliche Erg\u00e4nzungen zu einem Bezirksausschuss an, aber nicht als Ersatz f\u00fcr diesen. Konstrukte wie B\u00fcrgerr\u00e4te erachten wir kurzfristrig als nicht praktikabel, da die Gemeindeordnung mit dem Bezirksausschuss bereits ein erprobtes Instrument zur B\u00fcrgerbeteilung hat, welches sehr zeitnah eingerichtet werden k\u00f6nnte. Wir bedauern, dass einige Parteien nicht konkret werden hinsichtlich eines <strong>eigenen<\/strong> Bezirksausschusses f\u00fcr unseren Ort, sondern stattdessen nur von einer fl\u00e4chendeckenden Einrichtung sprechen oder direkt Bezirksaussch\u00fcsse f\u00fcr mehrere Orte gemeinsam vorschlagen. Letzteres widerspricht aus unserer Sicht dem Prinzip, lokale Themen auch lokal zu behandeln.<\/p>\t\t\t\t\t\t\t\t<\/div>\n\t\t\t\t<\/div>\n\t\t\t\t\t<\/div>\n\t\t<\/div>\n\t\t\t\t\t<\/div>\n\t\t<\/section>\n\t\t\t\t<\/div>\n\t\t","protected":false},"excerpt":{"rendered":"<p>Die politische Vertretung in den vergangenen Jahren durch die f\u00fcr Grimlinghausen gew\u00e4hlten Abgeordneten entspricht &#8211; aus der Sicht eines gro\u00dfen Teils der B\u00fcrgerschaft &#8211; nicht den Anforderungen einer zeitgem\u00e4\u00dfen B\u00fcrgerbeteiligung. Themen, die den Ort betreffen, sollten m\u00f6glichst auch vor Ort diskutiert und entschieden werden. Partei\u00fcbergreifend hat der Stadtrat dazu am 19. Juni 2020 den Beschluss [&hellip;]<\/p>\n","protected":false},"author":1,"featured_media":0,"parent":228,"menu_order":0,"comment_status":"closed","ping_status":"closed","template":"","meta":{"footnotes":""},"class_list":["post-225","page","type-page","status-publish","hentry","entry"],"_links":{"self":[{"href":"https:\/\/wir-fuer-grimlinghausen.de\/index.php\/wp-json\/wp\/v2\/pages\/225","targetHints":{"allow":["GET"]}}],"collection":[{"href":"https:\/\/wir-fuer-grimlinghausen.de\/index.php\/wp-json\/wp\/v2\/pages"}],"about":[{"href":"https:\/\/wir-fuer-grimlinghausen.de\/index.php\/wp-json\/wp\/v2\/types\/page"}],"author":[{"embeddable":true,"href":"https:\/\/wir-fuer-grimlinghausen.de\/index.php\/wp-json\/wp\/v2\/users\/1"}],"replies":[{"embeddable":true,"href":"https:\/\/wir-fuer-grimlinghausen.de\/index.php\/wp-json\/wp\/v2\/comments?post=225"}],"version-history":[{"count":18,"href":"https:\/\/wir-fuer-grimlinghausen.de\/index.php\/wp-json\/wp\/v2\/pages\/225\/revisions"}],"predecessor-version":[{"id":276,"href":"https:\/\/wir-fuer-grimlinghausen.de\/index.php\/wp-json\/wp\/v2\/pages\/225\/revisions\/276"}],"up":[{"embeddable":true,"href":"https:\/\/wir-fuer-grimlinghausen.de\/index.php\/wp-json\/wp\/v2\/pages\/228"}],"wp:attachment":[{"href":"https:\/\/wir-fuer-grimlinghausen.de\/index.php\/wp-json\/wp\/v2\/media?parent=225"}],"curies":[{"name":"wp","href":"https:\/\/api.w.org\/{rel}","templated":true}]}}