{"id":242,"date":"2020-09-09T09:11:58","date_gmt":"2020-09-09T09:11:58","guid":{"rendered":"https:\/\/wir-fuer-grimlinghausen.de\/?page_id=242"},"modified":"2020-09-09T18:03:44","modified_gmt":"2020-09-09T18:03:44","slug":"verkehrsberuhigung","status":"publish","type":"page","link":"https:\/\/wir-fuer-grimlinghausen.de\/index.php\/kommunalwahl-2020\/verkehrsberuhigung\/","title":{"rendered":"Stellungnahme der Parteien zur Verkehrsberuhigung in Grimlinghausen"},"content":{"rendered":"\t\t<div data-elementor-type=\"wp-page\" data-elementor-id=\"242\" class=\"elementor elementor-242\">\n\t\t\t\t\t\t<section class=\"elementor-section elementor-top-section elementor-element elementor-element-27c79b0 elementor-section-boxed elementor-section-height-default elementor-section-height-default\" data-id=\"27c79b0\" data-element_type=\"section\" data-e-type=\"section\">\n\t\t\t\t\t\t<div class=\"elementor-container elementor-column-gap-default\">\n\t\t\t\t\t<div class=\"elementor-column elementor-col-100 elementor-top-column elementor-element elementor-element-a4e0ff4\" data-id=\"a4e0ff4\" data-element_type=\"column\" data-e-type=\"column\">\n\t\t\t<div class=\"elementor-widget-wrap elementor-element-populated\">\n\t\t\t\t\t\t<div class=\"elementor-element elementor-element-a8b5c05 elementor-widget elementor-widget-text-editor\" data-id=\"a8b5c05\" data-element_type=\"widget\" data-e-type=\"widget\" data-widget_type=\"text-editor.default\">\n\t\t\t\t<div class=\"elementor-widget-container\">\n\t\t\t\t\t\t\t\t\t<p>Die Wohn- und Lebensqualit\u00e4ten werden in Grimlinghausen zunehmend vom Durchgangs- und Zubringerverkehr zur Autobahn auch aus anderen Stadtteilen negativ gepr\u00e4gt. Seit Jahrzehnten diskutieren wir in Grimlinghausen mit den verschiedensten Parteien \u00fcber ein Verkehrskonzept z.B. f\u00fcr die Bonner Stra\u00dfe, aber umgesetzt wurde bisher nichts. Wir fordern daher, die immer noch vorhandene Attraktivit\u00e4t der Grimlinghauser Stra\u00dfen f\u00fcr den Durchgangs- und Zubringerverkehr zur Autobahn stark zu minimieren zum Wohle der Anwohner.<\/p><p>Konkret haben wir die Parteien um Stellungnahmen zu folgenden m\u00f6glichen Ma\u00dfnahmen zur Verkehrsberuhigung gebeten:<\/p><ul><li><strong>Herausnahme des Schwerlastverkehrs aus Grimlinghausen durch ein inner\u00f6rtliches Durchfahrtsverbot und Umleitung \u00fcber die B9a.<\/strong><\/li><li><strong>Einrichtung einer Tempo-30-Zone auf Bonner und Norfer Stra\u00dfe<\/strong><\/li><li><strong>Sperrung der Stra\u00dfe Am Reckberg f\u00fcr den Durchgangsverkehr (Anlieger frei) zur Entlastung der Volmerswerther Stra\u00dfe\u00a0<\/strong><\/li><\/ul><p><span style=\"color: var( --e-global-color-text ); font-family: var( --e-global-typography-text-font-family ); font-size: 16px;\">Die Parteien schreiben dazu (in Reihenfolge der Wahlergebnisse der Kommunalwahl 2014) folgendes:<\/span><span style=\"font-size: 16px; color: var( --e-global-color-text ); font-family: var( --e-global-typography-text-font-family );\"><br \/><\/span><\/p>\t\t\t\t\t\t\t\t<\/div>\n\t\t\t\t<\/div>\n\t\t\t\t\t<\/div>\n\t\t<\/div>\n\t\t\t\t\t<\/div>\n\t\t<\/section>\n\t\t\t\t<section class=\"elementor-section elementor-top-section elementor-element elementor-element-17b6b42 elementor-section-boxed elementor-section-height-default elementor-section-height-default\" data-id=\"17b6b42\" data-element_type=\"section\" data-e-type=\"section\">\n\t\t\t\t\t\t<div class=\"elementor-container elementor-column-gap-default\">\n\t\t\t\t\t<div class=\"elementor-column elementor-col-100 elementor-top-column elementor-element elementor-element-dab6911\" data-id=\"dab6911\" data-element_type=\"column\" data-e-type=\"column\">\n\t\t\t<div class=\"elementor-widget-wrap elementor-element-populated\">\n\t\t\t\t\t\t<section class=\"elementor-section elementor-inner-section elementor-element elementor-element-4ce6090 elementor-section-boxed elementor-section-height-default elementor-section-height-default\" data-id=\"4ce6090\" data-element_type=\"section\" data-e-type=\"section\">\n\t\t\t\t\t\t<div class=\"elementor-container elementor-column-gap-wide\">\n\t\t\t\t\t<div class=\"elementor-column elementor-col-50 elementor-inner-column elementor-element elementor-element-04c3052\" data-id=\"04c3052\" data-element_type=\"column\" data-e-type=\"column\">\n\t\t\t<div class=\"elementor-widget-wrap elementor-element-populated\">\n\t\t\t\t\t\t<div class=\"elementor-element elementor-element-1f6ecff elementor-widget elementor-widget-text-editor\" data-id=\"1f6ecff\" data-element_type=\"widget\" data-e-type=\"widget\" data-widget_type=\"text-editor.default\">\n\t\t\t\t<div class=\"elementor-widget-container\">\n\t\t\t\t\t\t\t\t\t<h3>Christlich Demokratische Union Deutschlands (CDU)<\/h3><p><em>Die CDU unterst\u00fctzt eine Umleitung des Schwerlastverkehrs \u00fcber die B9a durch ein inner\u00f6rtliches Durchfahrtsverbot und wundert sich, warum die Stadtverwaltung nicht l\u00e4ngst eine entsprechende Beschilderung angebracht hat. <\/em><\/p><p><em>Eine Sperrung des Durchgangsverkehrs am Reckberg sieht die CDU erst dann als realistisch an, wenn der Zugang zur B9 aus Uedesheim heraus neu gestaltet worden ist. Alternativ schl\u00e4gt die CDU eine neue Querstra\u00dfe zwischen Am Reckberg und der B9 vor, um den Verkehr vor Grimlinghausen umzuleiten.<\/em><\/p><p><em>Da Tempo-30-Zonen hohe gesetzliche H\u00fcrden haben, sieht die CDU solche suf der Bonner Stra\u00dfe kurzfristig nur in H\u00f6he der Pestalozzischule und im Ortsmittelpunkt. Die Partei hat nach unserer Anfrage am 21. August zusammen mit B\u00fcndnis90\/Die Gr\u00fcnen einen Antrag (<a href=\"https:\/\/ris-neuss.itk-rheinland.de\/sessionnetneubi\/getfile.asp?id=133837&amp;type=do\" target=\"_blank\" rel=\"noopener\">externer Link<\/a>) in den Stadtrat eingebracht, der die Stadtverwaltung beauftragt, m\u00f6gliche Verkehrsberuhigungsma\u00dfnamen f\u00fcr Grimlinghausen zu pr\u00fcfen und verweist auf ein zu entwickelndes gesamtst\u00e4dtisches Mobilit\u00e4tskonzept.<\/em><\/p>\t\t\t\t\t\t\t\t<\/div>\n\t\t\t\t<\/div>\n\t\t\t\t\t<\/div>\n\t\t<\/div>\n\t\t\t\t<div class=\"elementor-column elementor-col-50 elementor-inner-column elementor-element elementor-element-effbd94\" data-id=\"effbd94\" data-element_type=\"column\" data-e-type=\"column\">\n\t\t\t<div class=\"elementor-widget-wrap elementor-element-populated\">\n\t\t\t\t\t\t<div class=\"elementor-element elementor-element-52f7e01 elementor-widget elementor-widget-text-editor\" data-id=\"52f7e01\" data-element_type=\"widget\" data-e-type=\"widget\" data-widget_type=\"text-editor.default\">\n\t\t\t\t<div class=\"elementor-widget-container\">\n\t\t\t\t\t\t\t\t\t<h3>Sozialdemokratische Partei Deutschlands (SPD)<\/h3>\n<p><em>Die SPD m\u00f6chte durch bauliche Ma\u00dfnahmen die Einhaltung der bestehenden Tempo-30-Zone auf der Volmerswerther Stra\u00dfe f\u00f6rdern. Weiterhin verweist die Partei darauf, dass sie die Stadtverwaltung per Antrag beauftragt hat, die Einrichtung eines Kreisverkehrs an Stelle der jetzigen Kreuzung Bonner Stra\u00dfe\/Norfer Stra\u00dfe zu pr\u00fcfen. Zu weiteren Ma\u00dfnahmen, wie der Sperrung der Stra\u00dfe am Reckberg f\u00fcr den Durchgangsverkehr, der Herausnahme des Schwerlastverkehrs aus dem Ort und der Errichtung von Tempo-30-Zonen auf Bonner und Norfer Stra\u00dfe \u00e4u\u00dfert sich die SPD nicht konkret, hat aber den Antrag von CDU\/B\u00fcndnis90\/Die Gr\u00fcnen zur Pr\u00fcfung von M\u00f6glichkeiten der Verkehrsberuhigung mit unterst\u00fctzt.<\/em><\/p>\t\t\t\t\t\t\t\t<\/div>\n\t\t\t\t<\/div>\n\t\t\t\t\t<\/div>\n\t\t<\/div>\n\t\t\t\t\t<\/div>\n\t\t<\/section>\n\t\t\t\t<div class=\"elementor-element elementor-element-5b306a2 elementor-widget-divider--view-line elementor-widget elementor-widget-divider\" data-id=\"5b306a2\" data-element_type=\"widget\" data-e-type=\"widget\" data-widget_type=\"divider.default\">\n\t\t\t\t<div class=\"elementor-widget-container\">\n\t\t\t\t\t\t\t<div class=\"elementor-divider\">\n\t\t\t<span class=\"elementor-divider-separator\">\n\t\t\t\t\t\t<\/span>\n\t\t<\/div>\n\t\t\t\t\t\t<\/div>\n\t\t\t\t<\/div>\n\t\t\t\t<section class=\"elementor-section elementor-inner-section elementor-element elementor-element-6d1be64 elementor-section-boxed elementor-section-height-default elementor-section-height-default\" data-id=\"6d1be64\" data-element_type=\"section\" data-e-type=\"section\">\n\t\t\t\t\t\t<div class=\"elementor-container elementor-column-gap-wide\">\n\t\t\t\t\t<div class=\"elementor-column elementor-col-50 elementor-inner-column elementor-element elementor-element-8f4649e\" data-id=\"8f4649e\" data-element_type=\"column\" data-e-type=\"column\">\n\t\t\t<div class=\"elementor-widget-wrap elementor-element-populated\">\n\t\t\t\t\t\t<div class=\"elementor-element elementor-element-e6a35e0 elementor-widget elementor-widget-text-editor\" data-id=\"e6a35e0\" data-element_type=\"widget\" data-e-type=\"widget\" data-widget_type=\"text-editor.default\">\n\t\t\t\t<div class=\"elementor-widget-container\">\n\t\t\t\t\t\t\t\t\t<h3>B\u00fcndnis 90 \/ Die Gr\u00fcnen<\/h3><p><em>Die Partei B\u00fcndnis 90 \/ Die Gr\u00fcnen hat sich nicht konkret zu einzelnen geforderten Ma\u00dfnahmen ge\u00e4u\u00dfert, sondern verweist nur auf den gemeinsamen Antrag mit der CDU zur Pr\u00fcfung m\u00f6glicher Ma\u00dfnahmen zur Verkehrsberuhigung (<a href=\"https:\/\/ris-neuss.itk-rheinland.de\/sessionnetneubi\/getfile.asp?id=133837&amp;type=do\" target=\"_blank\" rel=\"noopener\">externer Link<\/a>).<\/em><\/p>\t\t\t\t\t\t\t\t<\/div>\n\t\t\t\t<\/div>\n\t\t\t\t\t<\/div>\n\t\t<\/div>\n\t\t\t\t<div class=\"elementor-column elementor-col-50 elementor-inner-column elementor-element elementor-element-285b388\" data-id=\"285b388\" data-element_type=\"column\" data-e-type=\"column\">\n\t\t\t<div class=\"elementor-widget-wrap elementor-element-populated\">\n\t\t\t\t\t\t<div class=\"elementor-element elementor-element-acd7c2c elementor-widget elementor-widget-text-editor\" data-id=\"acd7c2c\" data-element_type=\"widget\" data-e-type=\"widget\" data-widget_type=\"text-editor.default\">\n\t\t\t\t<div class=\"elementor-widget-container\">\n\t\t\t\t\t\t\t\t\t<h3>Freie Demokratische Partei (FDP)<\/h3><p><em>Der Stadtratskandidat der FDP f\u00fcr Grimlinghausen &#8211; Tim Hammes &#8211; bef\u00fcrwortet Tempo-30-Zonen auf der Bonner Stra\u00dfe H\u00f6he der Pestalozzischule und auf der Norfer Stra\u00dfe zwischen Kreisverkehr und Kreuzung Bonner Stra\u00dfe. Weiterhin bef\u00fcrwortet er die Herausnahme des Schwerlastverkehrs aus dem Ort und die Minimierung des Durchgangsverkehrs auf der Volmerswehrter Stra\u00dfe, bleibt aber eine Aussage zur konkreten Umsetzung schuldig.<\/em><\/p>\t\t\t\t\t\t\t\t<\/div>\n\t\t\t\t<\/div>\n\t\t\t\t\t<\/div>\n\t\t<\/div>\n\t\t\t\t\t<\/div>\n\t\t<\/section>\n\t\t\t\t<div class=\"elementor-element elementor-element-5982b20 elementor-widget-divider--view-line elementor-widget elementor-widget-divider\" data-id=\"5982b20\" data-element_type=\"widget\" data-e-type=\"widget\" data-widget_type=\"divider.default\">\n\t\t\t\t<div class=\"elementor-widget-container\">\n\t\t\t\t\t\t\t<div class=\"elementor-divider\">\n\t\t\t<span class=\"elementor-divider-separator\">\n\t\t\t\t\t\t<\/span>\n\t\t<\/div>\n\t\t\t\t\t\t<\/div>\n\t\t\t\t<\/div>\n\t\t\t\t<section class=\"elementor-section elementor-inner-section elementor-element elementor-element-fdc6cfa elementor-section-boxed elementor-section-height-default elementor-section-height-default\" data-id=\"fdc6cfa\" data-element_type=\"section\" data-e-type=\"section\">\n\t\t\t\t\t\t<div class=\"elementor-container elementor-column-gap-wide\">\n\t\t\t\t\t<div class=\"elementor-column elementor-col-50 elementor-inner-column elementor-element elementor-element-1524a2c\" data-id=\"1524a2c\" data-element_type=\"column\" data-e-type=\"column\">\n\t\t\t<div class=\"elementor-widget-wrap elementor-element-populated\">\n\t\t\t\t\t\t<div class=\"elementor-element elementor-element-dd516a6 elementor-widget elementor-widget-text-editor\" data-id=\"dd516a6\" data-element_type=\"widget\" data-e-type=\"widget\" data-widget_type=\"text-editor.default\">\n\t\t\t\t<div class=\"elementor-widget-container\">\n\t\t\t\t\t\t\t\t\t<h3>Die Linke<\/h3><p><em>Die Linke ist f\u00fcr ein Lkw-Durchfahrtsverbot in Grimlinghausen, um den G\u00fcterverkehr \u00fcber die B9a umzulenken. Eine Tempo-30-Zone auf der Bonner Stra\u00dfe h\u00e4lt die Linke zwischen Kasterstra\u00dfe und Volmerswerther Stra\u00dfe f\u00fcr realisierbar, wobei sie dazu ein Verkehrsgutachten anstrebt, welches kl\u00e4ren soll, ob und mit welchen Ma\u00dfnahmen die Bonner Stra\u00dfe ihren Charakter als Vorfahrtsstra\u00dfe verlieren kann. Zur Verkehrsberuhigung auf Norfer und Volmerswerther Stra\u00dfe hat sich die Partei nicht ge\u00e4u\u00dfert.<\/em><\/p>\t\t\t\t\t\t\t\t<\/div>\n\t\t\t\t<\/div>\n\t\t\t\t\t<\/div>\n\t\t<\/div>\n\t\t\t\t<div class=\"elementor-column elementor-col-50 elementor-inner-column elementor-element elementor-element-d1e5203\" data-id=\"d1e5203\" data-element_type=\"column\" data-e-type=\"column\">\n\t\t\t<div class=\"elementor-widget-wrap elementor-element-populated\">\n\t\t\t\t\t\t<div class=\"elementor-element elementor-element-275e9a5 elementor-widget elementor-widget-text-editor\" data-id=\"275e9a5\" data-element_type=\"widget\" data-e-type=\"widget\" data-widget_type=\"text-editor.default\">\n\t\t\t\t<div class=\"elementor-widget-container\">\n\t\t\t\t\t\t\t\t\t<h3>Unabh\u00e4ngige W\u00e4hlergemeinschaft (UWG) \/ Freie W\u00e4hler<\/h3><p><em>Die Partei UWG\/Freie W\u00e4hler steht laut eigener Aussage f\u00fcr ein zukunftsoffenes Verkehrskonzept in den s\u00fcdlichen Stadtteilen und verweist darauf, dass man Fragen zur Verkehrsberuhigung zuk\u00fcnftig in einem m\u00f6glichen Bezirksausschuss in Grimlinghausen er\u00f6rtern k\u00f6nnte. Konkrete Positionen zu den vorgeschlagenen Ma\u00dfnahmen \u00e4u\u00dfert die Partei nicht.<\/em><\/p>\t\t\t\t\t\t\t\t<\/div>\n\t\t\t\t<\/div>\n\t\t\t\t\t<\/div>\n\t\t<\/div>\n\t\t\t\t\t<\/div>\n\t\t<\/section>\n\t\t\t\t<div class=\"elementor-element elementor-element-a98230c elementor-widget-divider--view-line elementor-widget elementor-widget-divider\" data-id=\"a98230c\" data-element_type=\"widget\" data-e-type=\"widget\" data-widget_type=\"divider.default\">\n\t\t\t\t<div class=\"elementor-widget-container\">\n\t\t\t\t\t\t\t<div class=\"elementor-divider\">\n\t\t\t<span class=\"elementor-divider-separator\">\n\t\t\t\t\t\t<\/span>\n\t\t<\/div>\n\t\t\t\t\t\t<\/div>\n\t\t\t\t<\/div>\n\t\t\t\t<section class=\"elementor-section elementor-inner-section elementor-element elementor-element-86144de elementor-section-boxed elementor-section-height-default elementor-section-height-default\" data-id=\"86144de\" data-element_type=\"section\" data-e-type=\"section\">\n\t\t\t\t\t\t<div class=\"elementor-container elementor-column-gap-wide\">\n\t\t\t\t\t<div class=\"elementor-column elementor-col-50 elementor-inner-column elementor-element elementor-element-256b1ac\" data-id=\"256b1ac\" data-element_type=\"column\" data-e-type=\"column\">\n\t\t\t<div class=\"elementor-widget-wrap elementor-element-populated\">\n\t\t\t\t\t\t<div class=\"elementor-element elementor-element-90ee686 elementor-widget elementor-widget-text-editor\" data-id=\"90ee686\" data-element_type=\"widget\" data-e-type=\"widget\" data-widget_type=\"text-editor.default\">\n\t\t\t\t<div class=\"elementor-widget-container\">\n\t\t\t\t\t\t\t\t\t<h3>Deutsche Zentrumspartei (ZENTRUM)<\/h3><p><em>Die Zentrums-Partei verweist darauf, dass das Thema Verkehr schwierig abschlie\u00dfend zu beurteilen sei und sieht erst bei einem evtl. Einzug in den Stadtrat konstruktiv an L\u00f6sungen arbeiten. Weiterhin betont die Partei, dass durch eine Verkehrsberuhigung in Grimlinghausen keine Belastung in anderen Stadtteilen enstehen darf.<\/em><\/p>\t\t\t\t\t\t\t\t<\/div>\n\t\t\t\t<\/div>\n\t\t\t\t\t<\/div>\n\t\t<\/div>\n\t\t\t\t<div class=\"elementor-column elementor-col-50 elementor-inner-column elementor-element elementor-element-41cb0de\" data-id=\"41cb0de\" data-element_type=\"column\" data-e-type=\"column\">\n\t\t\t<div class=\"elementor-widget-wrap elementor-element-populated\">\n\t\t\t\t\t\t<div class=\"elementor-element elementor-element-8c9624b elementor-widget elementor-widget-text-editor\" data-id=\"8c9624b\" data-element_type=\"widget\" data-e-type=\"widget\" data-widget_type=\"text-editor.default\">\n\t\t\t\t<div class=\"elementor-widget-container\">\n\t\t\t\t\t\t\t\t\t<h3>Partei f\u00fcr Tierschutz (TIERSCHUTZ hier!)<\/h3><p><em>Die Tierschutzpartei steht laut eigener Aussage f\u00fcr eine bestm\u00f6gliche verkehrspolitische L\u00f6sung f\u00fcr die Menschen vor Ort unter prim\u00e4rer Abw\u00e4gung der Auswirkungen auf den Umwelt-, Natur- und Tierschutz. Die Partei unterst\u00fctzt s\u00e4mtliche der genannten verkehrspolitischen Ziele und begr\u00fc\u00dft insbesondere die Einrichtung einer Tempo-30-Zone auf Bonner und Norfer Stra\u00dfe.<\/em><\/p>\t\t\t\t\t\t\t\t<\/div>\n\t\t\t\t<\/div>\n\t\t\t\t\t<\/div>\n\t\t<\/div>\n\t\t\t\t\t<\/div>\n\t\t<\/section>\n\t\t\t\t\t<\/div>\n\t\t<\/div>\n\t\t\t\t\t<\/div>\n\t\t<\/section>\n\t\t\t\t<section class=\"elementor-section elementor-top-section elementor-element elementor-element-4e634f0 elementor-section-boxed elementor-section-height-default elementor-section-height-default\" data-id=\"4e634f0\" data-element_type=\"section\" data-e-type=\"section\">\n\t\t\t\t\t\t<div class=\"elementor-container elementor-column-gap-default\">\n\t\t\t\t\t<div class=\"elementor-column elementor-col-100 elementor-top-column elementor-element elementor-element-196dd56\" data-id=\"196dd56\" data-element_type=\"column\" data-e-type=\"column\">\n\t\t\t<div class=\"elementor-widget-wrap elementor-element-populated\">\n\t\t\t\t\t\t<div class=\"elementor-element elementor-element-712c824 elementor-widget elementor-widget-spacer\" data-id=\"712c824\" data-element_type=\"widget\" data-e-type=\"widget\" data-widget_type=\"spacer.default\">\n\t\t\t\t<div class=\"elementor-widget-container\">\n\t\t\t\t\t\t\t<div class=\"elementor-spacer\">\n\t\t\t<div class=\"elementor-spacer-inner\"><\/div>\n\t\t<\/div>\n\t\t\t\t\t\t<\/div>\n\t\t\t\t<\/div>\n\t\t\t\t<div class=\"elementor-element elementor-element-62183af elementor-widget elementor-widget-heading\" data-id=\"62183af\" data-element_type=\"widget\" data-e-type=\"widget\" data-widget_type=\"heading.default\">\n\t\t\t\t<div class=\"elementor-widget-container\">\n\t\t\t\t\t<h3 class=\"elementor-heading-title elementor-size-default\">Unsere Einordnung<\/h3>\t\t\t\t<\/div>\n\t\t\t\t<\/div>\n\t\t\t\t\t<\/div>\n\t\t<\/div>\n\t\t\t\t\t<\/div>\n\t\t<\/section>\n\t\t\t\t<section class=\"elementor-section elementor-top-section elementor-element elementor-element-c00635f elementor-section-boxed elementor-section-height-default elementor-section-height-default\" data-id=\"c00635f\" data-element_type=\"section\" data-e-type=\"section\">\n\t\t\t\t\t\t<div class=\"elementor-container elementor-column-gap-default\">\n\t\t\t\t\t<div class=\"elementor-column elementor-col-100 elementor-top-column elementor-element elementor-element-2d5a178\" data-id=\"2d5a178\" data-element_type=\"column\" data-e-type=\"column\">\n\t\t\t<div class=\"elementor-widget-wrap elementor-element-populated\">\n\t\t\t\t\t\t<div class=\"elementor-element elementor-element-e73e661 elementor-widget elementor-widget-text-editor\" data-id=\"e73e661\" data-element_type=\"widget\" data-e-type=\"widget\" data-widget_type=\"text-editor.default\">\n\t\t\t\t<div class=\"elementor-widget-container\">\n\t\t\t\t\t\t\t\t\t<p>Wir begr\u00fc\u00dfen sehr, dass einige der Parteien unsere Forderung nach einer Verkehrsberuhigung in Grimlinghausen vollumf\u00e4nglich unterst\u00fctzen und bereits kurzfristig Antr\u00e4ge dazu eingebracht haben. Eine Pr\u00fcfung durch die Stadtverwaltung ist nat\u00fcrlich nur der erste Schritt und ein weiteres Eintreten f\u00fcr die Ziele durch die Parteien w\u00e4re w\u00fcnschenswert und ist f\u00fcr eine Umsetzung auch erforderlich. Aufgrund der relativen Einigkeit der Parteien hinsichtlich der Herausnahme des Schwerlastverkehrs durch ein Durchfahrtsverbot sollte in diesem Punkt ja sogar eine zeitnahe Umsetzung nach der Wahl m\u00f6glich sein.<\/p><p>Dass es Verwunderung \u00fcber eine fehlende Beschilderung zum Schwerlastverkehr gibt, verwundert uns wiederum, da die Probleme seit Jahren &#8211; auch unter vorheriger F\u00fchrung der Stadt &#8211; bekannt sind und zeigt wohl eher, dass es &#8222;in&#8220; ist, Vers\u00e4umnisse auf die Stadtverwaltung zu schieben. Der Verweis auf ein gesamtst\u00e4dtisches Verkehrskonzept und darauf, dass Verkehrsberuhigung in Grimlinghausen nicht zu Belastungen anderer Ortsteile f\u00fchren darf, ist aus unserer Sicht entbehrlich, da selbstverst\u00e4ndlich. Umgekehrt sollte aber auch Grimlinghausen nicht eine Belastung tragen m\u00fcssen, die durch die Nutzung des Reckbergs als Schleichweg entsteht, weil eine Ert\u00fcchtigung\/Erweiterung des Zugangs von Uedesheim zur B9 aussteht.<\/p>\t\t\t\t\t\t\t\t<\/div>\n\t\t\t\t<\/div>\n\t\t\t\t\t<\/div>\n\t\t<\/div>\n\t\t\t\t\t<\/div>\n\t\t<\/section>\n\t\t\t\t<\/div>\n\t\t","protected":false},"excerpt":{"rendered":"<p>Die Wohn- und Lebensqualit\u00e4ten werden in Grimlinghausen zunehmend vom Durchgangs- und Zubringerverkehr zur Autobahn auch aus anderen Stadtteilen negativ gepr\u00e4gt. Seit Jahrzehnten diskutieren wir in Grimlinghausen mit den verschiedensten Parteien \u00fcber ein Verkehrskonzept z.B. f\u00fcr die Bonner Stra\u00dfe, aber umgesetzt wurde bisher nichts. Wir fordern daher, die immer noch vorhandene Attraktivit\u00e4t der Grimlinghauser Stra\u00dfen f\u00fcr [&hellip;]<\/p>\n","protected":false},"author":1,"featured_media":0,"parent":228,"menu_order":0,"comment_status":"closed","ping_status":"closed","template":"","meta":{"footnotes":""},"class_list":["post-242","page","type-page","status-publish","hentry","entry"],"_links":{"self":[{"href":"https:\/\/wir-fuer-grimlinghausen.de\/index.php\/wp-json\/wp\/v2\/pages\/242","targetHints":{"allow":["GET"]}}],"collection":[{"href":"https:\/\/wir-fuer-grimlinghausen.de\/index.php\/wp-json\/wp\/v2\/pages"}],"about":[{"href":"https:\/\/wir-fuer-grimlinghausen.de\/index.php\/wp-json\/wp\/v2\/types\/page"}],"author":[{"embeddable":true,"href":"https:\/\/wir-fuer-grimlinghausen.de\/index.php\/wp-json\/wp\/v2\/users\/1"}],"replies":[{"embeddable":true,"href":"https:\/\/wir-fuer-grimlinghausen.de\/index.php\/wp-json\/wp\/v2\/comments?post=242"}],"version-history":[{"count":17,"href":"https:\/\/wir-fuer-grimlinghausen.de\/index.php\/wp-json\/wp\/v2\/pages\/242\/revisions"}],"predecessor-version":[{"id":274,"href":"https:\/\/wir-fuer-grimlinghausen.de\/index.php\/wp-json\/wp\/v2\/pages\/242\/revisions\/274"}],"up":[{"embeddable":true,"href":"https:\/\/wir-fuer-grimlinghausen.de\/index.php\/wp-json\/wp\/v2\/pages\/228"}],"wp:attachment":[{"href":"https:\/\/wir-fuer-grimlinghausen.de\/index.php\/wp-json\/wp\/v2\/media?parent=242"}],"curies":[{"name":"wp","href":"https:\/\/api.w.org\/{rel}","templated":true}]}}